{"id":56,"date":"2013-04-11T16:07:36","date_gmt":"2013-04-11T15:07:36","guid":{"rendered":"http:\/\/www.malek-boualem.fr\/net\/?page_id=56"},"modified":"2013-04-19T15:36:24","modified_gmt":"2013-04-19T14:36:24","slug":"la-tristesse","status":"publish","type":"page","link":"https:\/\/www.malek-boualem.fr\/net\/malheurs-de-la-vie\/la-souffrance\/la-tristesse\/","title":{"rendered":"La tristesse"},"content":{"rendered":"<p><strong><span style=\"color: #0000ff;\">Source Wikip\u00e9dia :<\/span><\/strong><\/p>\n<p>La <b>tristesse<\/b> est une <a title=\"\u00c9motion\" href=\"http:\/\/fr.wikipedia.org\/wiki\/%C3%89motion\">\u00e9motion<\/a> caract\u00e9ris\u00e9e par des <a title=\"Sentiment\" href=\"http:\/\/fr.wikipedia.org\/wiki\/Sentiment\">sentiments<\/a> de d\u00e9savantages, de perte, d&rsquo;impuissance, de <a title=\"Chagrin (humeur)\" href=\"http:\/\/fr.wikipedia.org\/wiki\/Chagrin_%28humeur%29\">chagrin<\/a> et de <a title=\"Rage (\u00e9motion)\" href=\"http:\/\/fr.wikipedia.org\/wiki\/Rage_%28%C3%A9motion%29\">rage<\/a>. D&rsquo;un point de vue <a title=\"Catharsis\" href=\"http:\/\/fr.wikipedia.org\/wiki\/Catharsis\">cathartique<\/a>, lors de la tristesse, les individus s&rsquo;expriment honn\u00eatement, sont moins \u00e9nergiques et \u00e9motionnels. Les <a title=\"Pleur\" href=\"http:\/\/fr.wikipedia.org\/wiki\/Pleur\">pleurs<\/a> sont une indication de la tristesse.<\/p>\n<p>La tristesse peut \u00eatre per\u00e7ue en tant que sympt\u00f4me pr\u00e9curseur de la <a title=\"D\u00e9prime\" href=\"http:\/\/fr.wikipedia.org\/wiki\/D%C3%A9prime\">d\u00e9prime<\/a> (baisse de moral temporaire) ou d&rsquo;une <a title=\"D\u00e9pression (psychiatrie)\" href=\"http:\/\/fr.wikipedia.org\/wiki\/D%C3%A9pression_%28psychiatrie%29\">d\u00e9pression<\/a> (caract\u00e9ris\u00e9e par une baisse de moral intense).<\/p>\n<h2><a title=\"Site .NET de Malek Boualem\" href=\"http:\/\/www.malek-boualem.net\" target=\"_blank\">Malek Boualem<\/a><\/h2>\n","protected":false},"excerpt":{"rendered":"<p>Source Wikip\u00e9dia : La tristesse est une \u00e9motion caract\u00e9ris\u00e9e par des sentiments de d\u00e9savantages, de perte, d&rsquo;impuissance, de chagrin et de rage. D&rsquo;un point de vue cathartique, lors de la tristesse, les individus s&rsquo;expriment honn\u00eatement, sont moins \u00e9nergiques et \u00e9motionnels. Les pleurs sont une indication de la tristesse. La tristesse peut \u00eatre per\u00e7ue en tant [&hellip;]<\/p>\n","protected":false},"author":2,"featured_media":0,"parent":55,"menu_order":0,"comment_status":"closed","ping_status":"closed","template":"","meta":{"footnotes":""},"class_list":["post-56","page","type-page","status-publish","hentry"],"_links":{"self":[{"href":"https:\/\/www.malek-boualem.fr\/net\/wp-json\/wp\/v2\/pages\/56","targetHints":{"allow":["GET"]}}],"collection":[{"href":"https:\/\/www.malek-boualem.fr\/net\/wp-json\/wp\/v2\/pages"}],"about":[{"href":"https:\/\/www.malek-boualem.fr\/net\/wp-json\/wp\/v2\/types\/page"}],"author":[{"embeddable":true,"href":"https:\/\/www.malek-boualem.fr\/net\/wp-json\/wp\/v2\/users\/2"}],"replies":[{"embeddable":true,"href":"https:\/\/www.malek-boualem.fr\/net\/wp-json\/wp\/v2\/comments?post=56"}],"version-history":[{"count":0,"href":"https:\/\/www.malek-boualem.fr\/net\/wp-json\/wp\/v2\/pages\/56\/revisions"}],"up":[{"embeddable":true,"href":"https:\/\/www.malek-boualem.fr\/net\/wp-json\/wp\/v2\/pages\/55"}],"wp:attachment":[{"href":"https:\/\/www.malek-boualem.fr\/net\/wp-json\/wp\/v2\/media?parent=56"}],"curies":[{"name":"wp","href":"https:\/\/api.w.org\/{rel}","templated":true}]}}