{"id":57,"date":"2013-04-11T16:10:42","date_gmt":"2013-04-11T15:10:42","guid":{"rendered":"http:\/\/www.malek-boualem.fr\/net\/?page_id=57"},"modified":"2015-05-05T19:52:12","modified_gmt":"2015-05-05T18:52:12","slug":"partage-entre-plusieurs-pays","status":"publish","type":"page","link":"https:\/\/www.malek-boualem.fr\/net\/partage-entre-plusieurs-pays\/","title":{"rendered":"Partag\u00e9 entre plusieurs pays"},"content":{"rendered":"<p>Je suis n\u00e9 en Alg\u00e9rie et j&rsquo;y ai v\u00e9cu 25 ans. J&rsquo;y ai obtenu mon dipl\u00f4me d&rsquo;ing\u00e9nieur en informatique. Je vis en France depuis 30 ans o\u00f9 j&rsquo;ai obtenu les dipl\u00f4mes de Master et de Doctorat en informatique et o\u00f9 j&rsquo;ai travaill\u00e9 dans les principaux centres de recherche. J&rsquo;ai les deux nationalit\u00e9s, alg\u00e9rienne et fran\u00e7aise. Ensuite, j&rsquo;ai \u00e9pous\u00e9 une italienne et je vis donc une partie de l&rsquo;ann\u00e9e en Italie. Je retourne aussi parfois en Alg\u00e9rie. J&rsquo;ai m\u00eame v\u00e9cu une ann\u00e9e aux USA.<\/p>\n<p>\u00catre partag\u00e9 entre trois pays ou plus n&rsquo;est pas si facile.<\/p>\n<p>\u00catre en permanence entrain de faire ses bagages pour affronter un voyage n&rsquo;est pas si facile.<\/p>\n<p>Je c\u00f4toie plusieurs langues, plusieurs cultures, plusieurs m\u0153urs, plusieurs religions, &#8230; ce n&rsquo;est pas facile.<\/p>\n<p>On peut vivre cela comme une richesse mais on peut aussi le vivre comme des chocs perp\u00e9tuels.<\/p>\n<p>Ensuite les enfants arrivent et on se doit alors de les faire b\u00e9n\u00e9ficier de ces richesses ou bien de leur faire subir ces chocs. C&rsquo;est paradoxal &#8230;<\/p>\n<h2><a title=\"Site .NET de Malek Boualem\" href=\"http:\/\/malekboualem.unblog.net\" target=\"_blank\">Malek Boualem<\/a><\/h2>\n","protected":false},"excerpt":{"rendered":"<p>Je suis n\u00e9 en Alg\u00e9rie et j&rsquo;y ai v\u00e9cu 25 ans. J&rsquo;y ai obtenu mon dipl\u00f4me d&rsquo;ing\u00e9nieur en informatique. Je vis en France depuis 30 ans o\u00f9 j&rsquo;ai obtenu les dipl\u00f4mes de Master et de Doctorat en informatique et o\u00f9 j&rsquo;ai travaill\u00e9 dans les principaux centres de recherche. J&rsquo;ai les deux nationalit\u00e9s, alg\u00e9rienne et fran\u00e7aise. [&hellip;]<\/p>\n","protected":false},"author":2,"featured_media":0,"parent":0,"menu_order":0,"comment_status":"closed","ping_status":"closed","template":"","meta":{"footnotes":""},"class_list":["post-57","page","type-page","status-publish","hentry"],"_links":{"self":[{"href":"https:\/\/www.malek-boualem.fr\/net\/wp-json\/wp\/v2\/pages\/57","targetHints":{"allow":["GET"]}}],"collection":[{"href":"https:\/\/www.malek-boualem.fr\/net\/wp-json\/wp\/v2\/pages"}],"about":[{"href":"https:\/\/www.malek-boualem.fr\/net\/wp-json\/wp\/v2\/types\/page"}],"author":[{"embeddable":true,"href":"https:\/\/www.malek-boualem.fr\/net\/wp-json\/wp\/v2\/users\/2"}],"replies":[{"embeddable":true,"href":"https:\/\/www.malek-boualem.fr\/net\/wp-json\/wp\/v2\/comments?post=57"}],"version-history":[{"count":0,"href":"https:\/\/www.malek-boualem.fr\/net\/wp-json\/wp\/v2\/pages\/57\/revisions"}],"wp:attachment":[{"href":"https:\/\/www.malek-boualem.fr\/net\/wp-json\/wp\/v2\/media?parent=57"}],"curies":[{"name":"wp","href":"https:\/\/api.w.org\/{rel}","templated":true}]}}