{"id":65,"date":"2013-04-12T16:51:19","date_gmt":"2013-04-12T15:51:19","guid":{"rendered":"http:\/\/www.malek-boualem.fr\/net\/?page_id=65"},"modified":"2015-05-05T19:33:05","modified_gmt":"2015-05-05T18:33:05","slug":"laccident","status":"publish","type":"page","link":"https:\/\/www.malek-boualem.fr\/net\/malheurs-de-la-vie\/laccident\/","title":{"rendered":"L&rsquo;accident"},"content":{"rendered":"<h3><span style=\"color: #0000ff;\"><strong>Source WIKIPEDIA<\/strong><\/span><\/h3>\n<p>Un <b>accident<\/b> est un \u00e9v\u00e9nement, g\u00e9n\u00e9ralement non souhait\u00e9, <a title=\"Al\u00e9a\" href=\"https:\/\/fr.wikipedia.org\/wiki\/Al%C3%A9a\">al\u00e9atoire<\/a> et fortuit, qui appara\u00eet ponctuellement dans l&rsquo;espace et dans le temps, suite \u00e0 une ou plusieurs causes, et qui entra\u00eene des dommages vis-\u00e0-vis des <a title=\"Personne physique\" href=\"https:\/\/fr.wikipedia.org\/wiki\/Personne_physique\">personnes<\/a>, des biens ou de l\u2019<a title=\"Environnement\" href=\"https:\/\/fr.wikipedia.org\/wiki\/Environnement\">environnement<\/a>.<\/p>\n<p>Un <i>accident<\/i> grave, ayant bless\u00e9 ou tu\u00e9 quelqu&rsquo;un ou entra\u00een\u00e9 des d\u00e9g\u00e2ts mat\u00e9riels couteux entra\u00eene le plus souvent une recherche de <a title=\"Responsabilit\u00e9\" href=\"https:\/\/fr.wikipedia.org\/wiki\/Responsabilit%C3%A9\">responsabilit\u00e9<\/a>.<\/p>\n<p>Un <i>accident<\/i> survient parce qu&rsquo;il existe au moins un objet ou une activit\u00e9 pr\u00e9sentant un <a title=\"Danger\" href=\"https:\/\/fr.wikipedia.org\/wiki\/Danger\">danger<\/a>, pour lequel les sc\u00e9narios d&rsquo;action ou de coexistence mis en \u0153uvre pr\u00e9sentent un <a title=\"Risque\" href=\"https:\/\/fr.wikipedia.org\/wiki\/Risque\">risque<\/a> insuffisamment ma\u00eetris\u00e9. La science qui porte sur l&rsquo;\u00e9tude des risques majeurs et technologiques est la <a title=\"Cyndinique\" href=\"https:\/\/fr.wikipedia.org\/wiki\/Cyndinique\">cyndinique<\/a>. Des syst\u00e8mes d&rsquo;<a title=\"Assurance\" href=\"https:\/\/fr.wikipedia.org\/wiki\/Assurance\">assurance<\/a> visent \u00e0 pr\u00e9munir l&rsquo;individu ou la soci\u00e9t\u00e9 assur\u00e9s contre certaines des cons\u00e9quences \u00e9conomiques, sociales des accidents pouvant potentiellement survenir. La <a title=\"Pr\u00e9vention\" href=\"https:\/\/fr.wikipedia.org\/wiki\/Pr%C3%A9vention\">pr\u00e9vention<\/a> et la <a title=\"Pr\u00e9caution\" href=\"https:\/\/fr.wikipedia.org\/wiki\/Pr%C3%A9caution\">pr\u00e9caution<\/a> visent \u00e0 diminuer l&rsquo;exposition au risque d&rsquo;accident.<\/p>\n<h2><a title=\"Site .NET de Malek Boualem\" href=\"http:\/\/www.malek-boualem.net\" target=\"_blank\">Malek Boualem<\/a><\/h2>\n","protected":false},"excerpt":{"rendered":"<p>Source WIKIPEDIA Un accident est un \u00e9v\u00e9nement, g\u00e9n\u00e9ralement non souhait\u00e9, al\u00e9atoire et fortuit, qui appara\u00eet ponctuellement dans l&rsquo;espace et dans le temps, suite \u00e0 une ou plusieurs causes, et qui entra\u00eene des dommages vis-\u00e0-vis des personnes, des biens ou de l\u2019environnement. Un accident grave, ayant bless\u00e9 ou tu\u00e9 quelqu&rsquo;un ou entra\u00een\u00e9 des d\u00e9g\u00e2ts mat\u00e9riels couteux [&hellip;]<\/p>\n","protected":false},"author":2,"featured_media":0,"parent":48,"menu_order":0,"comment_status":"closed","ping_status":"closed","template":"","meta":{"footnotes":""},"class_list":["post-65","page","type-page","status-publish","hentry"],"_links":{"self":[{"href":"https:\/\/www.malek-boualem.fr\/net\/wp-json\/wp\/v2\/pages\/65","targetHints":{"allow":["GET"]}}],"collection":[{"href":"https:\/\/www.malek-boualem.fr\/net\/wp-json\/wp\/v2\/pages"}],"about":[{"href":"https:\/\/www.malek-boualem.fr\/net\/wp-json\/wp\/v2\/types\/page"}],"author":[{"embeddable":true,"href":"https:\/\/www.malek-boualem.fr\/net\/wp-json\/wp\/v2\/users\/2"}],"replies":[{"embeddable":true,"href":"https:\/\/www.malek-boualem.fr\/net\/wp-json\/wp\/v2\/comments?post=65"}],"version-history":[{"count":0,"href":"https:\/\/www.malek-boualem.fr\/net\/wp-json\/wp\/v2\/pages\/65\/revisions"}],"up":[{"embeddable":true,"href":"https:\/\/www.malek-boualem.fr\/net\/wp-json\/wp\/v2\/pages\/48"}],"wp:attachment":[{"href":"https:\/\/www.malek-boualem.fr\/net\/wp-json\/wp\/v2\/media?parent=65"}],"curies":[{"name":"wp","href":"https:\/\/api.w.org\/{rel}","templated":true}]}}