{"id":67,"date":"2013-04-12T16:53:41","date_gmt":"2013-04-12T15:53:41","guid":{"rendered":"http:\/\/www.malek-boualem.fr\/net\/?page_id=67"},"modified":"2015-05-05T19:39:37","modified_gmt":"2015-05-05T18:39:37","slug":"le-stress","status":"publish","type":"page","link":"https:\/\/www.malek-boualem.fr\/net\/malheurs-de-la-vie\/le-stress\/","title":{"rendered":"Le stress"},"content":{"rendered":"<h3><span style=\"color: #0000ff;\"><strong>Source WIKIPEDIA<\/strong><\/span><\/h3>\n<p>Le <b>stress<\/b> (issu par l&rsquo;anglais de l&rsquo;ancien fran\u00e7ais <i>destresse<\/i>) est, en <a title=\"Biologie\" href=\"https:\/\/fr.wikipedia.org\/wiki\/Biologie\">biologie<\/a>, l&rsquo;ensemble des r\u00e9ponses d&rsquo;un <a title=\"Organisme (physiologie)\" href=\"https:\/\/fr.wikipedia.org\/wiki\/Organisme_%28physiologie%29\">organisme<\/a> soumis \u00e0 des pressions ou <a title=\"Contrainte\" href=\"https:\/\/fr.wikipedia.org\/wiki\/Contrainte\">contraintes<\/a> de la part de son environnement. Ces r\u00e9ponses d\u00e9pendent toujours de la perception qu&rsquo;a l&rsquo;individu des pressions qu&rsquo;il ressent. Selon la d\u00e9finition m\u00e9dicale, il s&rsquo;agit d&rsquo;une s\u00e9quence complexe d\u2019\u00e9v\u00e9nements provoquant des r\u00e9ponses physiologiques, psychosomatiques. Par extension tous ces \u00e9v\u00e9nements sont \u00e9galement qualifi\u00e9s de stress. Dans le langage courant, on parle de stress positif (<i>eustress<\/i> en anglais) ou n\u00e9gatif (<i>distress<\/i>). Le stress est diff\u00e9rent de l&rsquo;<a title=\"Anxi\u00e9t\u00e9\" href=\"https:\/\/fr.wikipedia.org\/wiki\/Anxi%C3%A9t%C3%A9\">anxi\u00e9t\u00e9<\/a>, celle-ci est une \u00e9motion alors que le stress est un m\u00e9canisme de r\u00e9ponse pouvant amener diff\u00e9rentes \u00e9motions, dont l&rsquo;anxi\u00e9t\u00e9.<\/p>\n<h2><a title=\"Site .NET de Malek Boualem\" href=\"http:\/\/www.malek-boualem.net\" target=\"_blank\">Malek Boualem<\/a><\/h2>\n","protected":false},"excerpt":{"rendered":"<p>Source WIKIPEDIA Le stress (issu par l&rsquo;anglais de l&rsquo;ancien fran\u00e7ais destresse) est, en biologie, l&rsquo;ensemble des r\u00e9ponses d&rsquo;un organisme soumis \u00e0 des pressions ou contraintes de la part de son environnement. Ces r\u00e9ponses d\u00e9pendent toujours de la perception qu&rsquo;a l&rsquo;individu des pressions qu&rsquo;il ressent. Selon la d\u00e9finition m\u00e9dicale, il s&rsquo;agit d&rsquo;une s\u00e9quence complexe d\u2019\u00e9v\u00e9nements provoquant [&hellip;]<\/p>\n","protected":false},"author":2,"featured_media":0,"parent":48,"menu_order":0,"comment_status":"closed","ping_status":"closed","template":"","meta":{"footnotes":""},"class_list":["post-67","page","type-page","status-publish","hentry"],"_links":{"self":[{"href":"https:\/\/www.malek-boualem.fr\/net\/wp-json\/wp\/v2\/pages\/67","targetHints":{"allow":["GET"]}}],"collection":[{"href":"https:\/\/www.malek-boualem.fr\/net\/wp-json\/wp\/v2\/pages"}],"about":[{"href":"https:\/\/www.malek-boualem.fr\/net\/wp-json\/wp\/v2\/types\/page"}],"author":[{"embeddable":true,"href":"https:\/\/www.malek-boualem.fr\/net\/wp-json\/wp\/v2\/users\/2"}],"replies":[{"embeddable":true,"href":"https:\/\/www.malek-boualem.fr\/net\/wp-json\/wp\/v2\/comments?post=67"}],"version-history":[{"count":0,"href":"https:\/\/www.malek-boualem.fr\/net\/wp-json\/wp\/v2\/pages\/67\/revisions"}],"up":[{"embeddable":true,"href":"https:\/\/www.malek-boualem.fr\/net\/wp-json\/wp\/v2\/pages\/48"}],"wp:attachment":[{"href":"https:\/\/www.malek-boualem.fr\/net\/wp-json\/wp\/v2\/media?parent=67"}],"curies":[{"name":"wp","href":"https:\/\/api.w.org\/{rel}","templated":true}]}}