{"id":71,"date":"2013-04-17T15:54:31","date_gmt":"2013-04-17T14:54:31","guid":{"rendered":"http:\/\/www.malek-boualem.fr\/net\/?page_id=71"},"modified":"2015-05-05T19:36:50","modified_gmt":"2015-05-05T18:36:50","slug":"le-cancer","status":"publish","type":"page","link":"https:\/\/www.malek-boualem.fr\/net\/malheurs-de-la-vie\/la-maladie\/le-cancer\/","title":{"rendered":"Le Cancer"},"content":{"rendered":"<h3><span style=\"color: #0000ff;\"><strong>Source WIKIPEDIA<\/strong><\/span><\/h3>\n<p>Le <b>cancer<\/b> est une <a title=\"Maladie\" href=\"http:\/\/fr.wikipedia.org\/wiki\/Maladie\">maladie<\/a> caract\u00e9ris\u00e9e par une <a title=\"Prolif\u00e9ration cellulaire\" href=\"http:\/\/fr.wikipedia.org\/wiki\/Prolif%C3%A9ration_cellulaire\">prolif\u00e9ration cellulaire<\/a> anormalement importante au sein d&rsquo;un <a title=\"Tissu biologique\" href=\"http:\/\/fr.wikipedia.org\/wiki\/Tissu_biologique\">tissu<\/a> normal de l&rsquo;<a title=\"Organisme (physiologie)\" href=\"http:\/\/fr.wikipedia.org\/wiki\/Organisme_%28physiologie%29\">organisme<\/a>, de telle mani\u00e8re que la survie de ce dernier est menac\u00e9e. Ces <a title=\"Cellule (biologie)\" href=\"http:\/\/fr.wikipedia.org\/wiki\/Cellule_%28biologie%29\">cellules<\/a> d\u00e9rivent toutes d&rsquo;un m\u00eame <a title=\"Clonage\" href=\"http:\/\/fr.wikipedia.org\/wiki\/Clonage\">clone<\/a>, cellule initiatrice du cancer qui a acquis certaines caract\u00e9ristiques lui permettant de se <a title=\"Division cellulaire\" href=\"http:\/\/fr.wikipedia.org\/wiki\/Division_cellulaire\">diviser<\/a> ind\u00e9finiment. Au cours de l&rsquo;\u00e9volution de la maladie, certaines cellules peuvent migrer de leur lieu de production et former des <a title=\"M\u00e9tastase (m\u00e9decine)\" href=\"http:\/\/fr.wikipedia.org\/wiki\/M%C3%A9tastase_%28m%C3%A9decine%29\">m\u00e9tastases<\/a>. Pour ces deux raisons, le <a title=\"D\u00e9pistage des cancers en m\u00e9decine g\u00e9n\u00e9rale\" href=\"http:\/\/fr.wikipedia.org\/wiki\/D%C3%A9pistage_des_cancers_en_m%C3%A9decine_g%C3%A9n%C3%A9rale\">d\u00e9pistage du cancer<\/a> doit \u00eatre le plus pr\u00e9coce possible.<\/p>\n<p>\u00ab\u00a0Cancer\u00a0\u00bb est un terme g\u00e9n\u00e9ral d\u00e9signant une <a title=\"Maladie\" href=\"http:\/\/fr.wikipedia.org\/wiki\/Maladie\">maladie<\/a> pour lesquelles certaines <a title=\"Cellule (biologie)\" href=\"http:\/\/fr.wikipedia.org\/wiki\/Cellule_%28biologie%29\">cellules<\/a> d&rsquo;un organisme adoptent un comportement anormal caract\u00e9ris\u00e9 par<sup id=\"cite_ref-Hanahan.26Weinberg.2C2000_1-0\"><a href=\"http:\/\/fr.wikipedia.org\/wiki\/Cancer#cite_note-Hanahan.26Weinberg.2C2000-1\">1<\/a><\/sup><sup>,<\/sup><sup id=\"cite_ref-Hanahan.26Weinberg.2C2011_2-0\"><a href=\"http:\/\/fr.wikipedia.org\/wiki\/Cancer#cite_note-Hanahan.26Weinberg.2C2011-2\">2<\/a><\/sup><sup>,<\/sup><sup id=\"cite_ref-LeTemps.2C2011_3-0\"><a href=\"http:\/\/fr.wikipedia.org\/wiki\/Cancer#cite_note-LeTemps.2C2011-3\">3<\/a><\/sup><sup>,<\/sup><sup id=\"cite_ref-Anses2010_4-0\"><a href=\"http:\/\/fr.wikipedia.org\/wiki\/Cancer#cite_note-Anses2010-4\">4<\/a><\/sup>\u00a0:<\/p>\n<ul>\n<li>une ind\u00e9pendance vis-\u00e0-vis des signaux qui stimulent normalement la prolif\u00e9ration cellulaire\u00a0;<\/li>\n<li>une insensibilit\u00e9 aux signaux et m\u00e9canismes anti-prolif\u00e9ratifs\u00a0;<\/li>\n<li>une capacit\u00e9 prolif\u00e9rative qui n&rsquo;est plus limit\u00e9e (croissance \u00e0 l&rsquo;infini)\u00a0;<\/li>\n<li>la disparition du ph\u00e9nom\u00e8ne d&rsquo;<a title=\"Apoptose\" href=\"http:\/\/fr.wikipedia.org\/wiki\/Apoptose\">apoptose<\/a>\u00a0;<\/li>\n<li>une capacit\u00e9 anormale \u00e0 susciter l&rsquo;<a title=\"Angiogen\u00e8se\" href=\"http:\/\/fr.wikipedia.org\/wiki\/Angiogen%C3%A8se\">angiogen\u00e8se<\/a>\u00a0;<\/li>\n<li>et l&rsquo;acquisition d&rsquo;un pouvoir invasif et de production de <a title=\"M\u00e9tastase (m\u00e9decine)\" href=\"http:\/\/fr.wikipedia.org\/wiki\/M%C3%A9tastase_%28m%C3%A9decine%29\">m\u00e9tastases<\/a>.<\/li>\n<\/ul>\n<p>Les nouvelles cellules r\u00e9sultantes, dites \u00ab\u00a0canc\u00e9reuses\u00a0\u00bb ou \u00ab\u00a0tumorales\u00a0\u00bb peuvent former une <a title=\"Tumeur\" href=\"http:\/\/fr.wikipedia.org\/wiki\/Tumeur\">tumeur<\/a> maligne (un <a title=\"N\u00e9oplasme\" href=\"http:\/\/fr.wikipedia.org\/wiki\/N%C3%A9oplasme\">n\u00e9oplasme<\/a>) ou se propager \u00e0 travers le corps.<\/p>\n<p>Les facteurs de risques sont internes (<a title=\"G\u00e9nome\" href=\"http:\/\/fr.wikipedia.org\/wiki\/G%C3%A9nome\">g\u00e9nome<\/a>, <a title=\"Mutation (g\u00e9n\u00e9tique)\" href=\"http:\/\/fr.wikipedia.org\/wiki\/Mutation_%28g%C3%A9n%C3%A9tique%29\">mutation<\/a><sup id=\"cite_ref-5\"><a href=\"http:\/\/fr.wikipedia.org\/wiki\/Cancer#cite_note-5\">5<\/a><\/sup>,\u00a0<abbr lang=\"la\" title=\"et cetera\">etc.<\/abbr>), induction par un <a title=\"Agent infectieux\" href=\"http:\/\/fr.wikipedia.org\/wiki\/Agent_infectieux\">agent infectieux<\/a>,\u00a0<abbr lang=\"la\" title=\"et cetera\">etc.<\/abbr> et\/ou externes (<a title=\"Alimentation\" href=\"http:\/\/fr.wikipedia.org\/wiki\/Alimentation\">alimentation<\/a>, exposition \u00e0 des substances <a title=\"Canc\u00e9rig\u00e8ne\" href=\"http:\/\/fr.wikipedia.org\/wiki\/Canc%C3%A9rig%C3%A8ne\">canc\u00e9rig\u00e8nes<\/a> ou \u00e0 des conditions telles que l&rsquo;<a title=\"Irradiation\" href=\"http:\/\/fr.wikipedia.org\/wiki\/Irradiation\">irradiation<\/a>,\u00a0<abbr lang=\"la\" title=\"et cetera\">etc.<\/abbr>). Des facteurs <a title=\"Hormonaux\" href=\"http:\/\/fr.wikipedia.org\/wiki\/Hormonaux\">hormonaux<\/a>, \u00e9pig\u00e9n\u00e9tiques et <a title=\"Psychosomatique\" href=\"http:\/\/fr.wikipedia.org\/wiki\/Psychosomatique\">psychosomatiques<\/a> sont possibles. 90 \u00e0 95\u00a0% des cas de cancers ne sont pas attribuables \u00e0 des mutations g\u00e9n\u00e9tiques<sup id=\"cite_ref-6\"><a href=\"http:\/\/fr.wikipedia.org\/wiki\/Cancer#cite_note-6\">6<\/a><\/sup>.<\/p>\n<p>Durant la derni\u00e8re <a title=\"D\u00e9cennie\" href=\"http:\/\/fr.wikipedia.org\/wiki\/D%C3%A9cennie\">d\u00e9cennie<\/a>, plusieurs types de cancers semblent en augmentation, si dans certains cas cette progression est facilement li\u00e9e \u00e0 des facteurs de risque identifi\u00e9s (tabac, alcool, polluants industriels reconnus canc\u00e9rig\u00e8nes, ob\u00e9sit\u00e9, s\u00e9dentarit\u00e9, exposition au soleil) dans certains cas il est difficile d&rsquo;attribuer \u00e0 des facteurs pr\u00e9cis l&rsquo;augmentation observ\u00e9e. L&rsquo;am\u00e9lioration des outils de diagnostic<sup id=\"cite_ref-7\"><a href=\"http:\/\/fr.wikipedia.org\/wiki\/Cancer#cite_note-7\">7<\/a><\/sup> et le vieillissement de la population<sup id=\"cite_ref-8\"><a href=\"http:\/\/fr.wikipedia.org\/wiki\/Cancer#cite_note-8\">8<\/a><\/sup> expliquent une part importante de la progression de l&rsquo;incidence de certains cancers. \u00c0 l&rsquo;inverse une \u00e9tude de l&rsquo;<a title=\"Institut de veille sanitaire\" href=\"http:\/\/fr.wikipedia.org\/wiki\/Institut_de_veille_sanitaire\">Institut de veille sanitaire<\/a> montre que les cancers de l&rsquo;estomac, de l&rsquo;oesophage (chez l&rsquo;homme), du col de l&rsquo;ut\u00e9rus et le lymphome Hodghinien ont r\u00e9gress\u00e9 entre 1980 et 2000<sup id=\"cite_ref-9\"><a href=\"http:\/\/fr.wikipedia.org\/wiki\/Cancer#cite_note-9\">9<\/a><\/sup>.<\/p>\n<h2><a title=\"Site .NET de Malek Boualem\" href=\"http:\/\/www.malek-boualem.net\" target=\"_blank\">Malek Boualem<\/a><\/h2>\n","protected":false},"excerpt":{"rendered":"<p>Source WIKIPEDIA Le cancer est une maladie caract\u00e9ris\u00e9e par une prolif\u00e9ration cellulaire anormalement importante au sein d&rsquo;un tissu normal de l&rsquo;organisme, de telle mani\u00e8re que la survie de ce dernier est menac\u00e9e. Ces cellules d\u00e9rivent toutes d&rsquo;un m\u00eame clone, cellule initiatrice du cancer qui a acquis certaines caract\u00e9ristiques lui permettant de se diviser ind\u00e9finiment. Au [&hellip;]<\/p>\n","protected":false},"author":2,"featured_media":0,"parent":53,"menu_order":0,"comment_status":"closed","ping_status":"closed","template":"","meta":{"footnotes":""},"class_list":["post-71","page","type-page","status-publish","hentry"],"_links":{"self":[{"href":"https:\/\/www.malek-boualem.fr\/net\/wp-json\/wp\/v2\/pages\/71","targetHints":{"allow":["GET"]}}],"collection":[{"href":"https:\/\/www.malek-boualem.fr\/net\/wp-json\/wp\/v2\/pages"}],"about":[{"href":"https:\/\/www.malek-boualem.fr\/net\/wp-json\/wp\/v2\/types\/page"}],"author":[{"embeddable":true,"href":"https:\/\/www.malek-boualem.fr\/net\/wp-json\/wp\/v2\/users\/2"}],"replies":[{"embeddable":true,"href":"https:\/\/www.malek-boualem.fr\/net\/wp-json\/wp\/v2\/comments?post=71"}],"version-history":[{"count":0,"href":"https:\/\/www.malek-boualem.fr\/net\/wp-json\/wp\/v2\/pages\/71\/revisions"}],"up":[{"embeddable":true,"href":"https:\/\/www.malek-boualem.fr\/net\/wp-json\/wp\/v2\/pages\/53"}],"wp:attachment":[{"href":"https:\/\/www.malek-boualem.fr\/net\/wp-json\/wp\/v2\/media?parent=71"}],"curies":[{"name":"wp","href":"https:\/\/api.w.org\/{rel}","templated":true}]}}