{"id":73,"date":"2013-04-17T19:03:15","date_gmt":"2013-04-17T18:03:15","guid":{"rendered":"http:\/\/www.malek-boualem.fr\/net\/?page_id=73"},"modified":"2015-05-05T19:35:30","modified_gmt":"2015-05-05T18:35:30","slug":"traumatisme-psychique","status":"publish","type":"page","link":"https:\/\/www.malek-boualem.fr\/net\/malheurs-de-la-vie\/la-depression\/traumatisme-psychique\/","title":{"rendered":"Traumatisme psychique"},"content":{"rendered":"<h3><span style=\"color: #0000ff;\"><strong>Source Wikipedia<\/strong><\/span><\/h3>\n<p>Le <b>traumatisme psychique<\/b> (ou <b>psychotraumatisme<\/b>) est un terme d\u00e9signant un type de dommage caus\u00e9 \u00e0 la <a title=\"Psychologie analytique\" href=\"http:\/\/fr.wikipedia.org\/wiki\/Psychologie_analytique\">psych\u00e9<\/a> apr\u00e8s un \u00e9v\u00e9nement traumatisant. Lorsque le traumatisme conduit \u00e0 un <a title=\"Trouble de stress post-traumatique\" href=\"http:\/\/fr.wikipedia.org\/wiki\/Trouble_de_stress_post-traumatique\">trouble de stress post-traumatique<\/a>, les dommages peuvent impliquer des changements chimiques <a title=\"Cerveau\" href=\"http:\/\/fr.wikipedia.org\/wiki\/Cerveau\">c\u00e9r\u00e9braux<\/a>, changeant la r\u00e9ponse de l&rsquo;individu \u00e0 un futur <a title=\"Stress\" href=\"http:\/\/fr.wikipedia.org\/wiki\/Stress\">stress<\/a>.<\/p>\n<p>Un \u00e9v\u00e9nement traumatisant peut inclure une seule situation ou un ou plusieurs \u00e9v\u00e9nements longs et r\u00e9p\u00e9t\u00e9s, qui peuvent compl\u00e8tement submerger la capacit\u00e9 de l&rsquo;individu \u00e0 int\u00e9grer les id\u00e9es et <a title=\"\u00c9motion\" href=\"http:\/\/fr.wikipedia.org\/wiki\/%C3%89motion\">\u00e9motions<\/a> inculqu\u00e9es lors de cette exp\u00e9rience. Le traumatisme psychique peut conduire \u00e0 de s\u00e9rieuses cons\u00e9quences n\u00e9gatives \u00e0 <a title=\"Long terme\" href=\"http:\/\/fr.wikipedia.org\/wiki\/Long_terme\">long terme<\/a><sup id=\"cite_ref-1\"><a href=\"http:\/\/fr.wikipedia.org\/wiki\/Traumatisme_psychologique#cite_note-1\">1<\/a><\/sup>.<\/p>\n<p>Le traumatisme peut \u00eatre caus\u00e9 par une vari\u00e9t\u00e9 d&rsquo;\u00e9v\u00e9nements, mais il en existe quelques aspects communs. Il y a fr\u00e9quemment une violation des id\u00e9es re\u00e7ues de l&rsquo;individu concernant le monde et des <a title=\"Droits de l'homme\" href=\"http:\/\/fr.wikipedia.org\/wiki\/Droits_de_l%27homme\">droits de l&rsquo;homme<\/a>, mettant ces individus dans un \u00e9tat de <a title=\"Confusion\" href=\"http:\/\/fr.wikipedia.org\/wiki\/Confusion\">confusion<\/a> extr\u00eame et d&rsquo;ins\u00e9curit\u00e9.<\/p>\n<p>Le traumatisme psychique peut s&rsquo;accompagner d&rsquo;un <a title=\"Traumatisme physique\" href=\"http:\/\/fr.wikipedia.org\/wiki\/Traumatisme_physique\">traumatisme physique<\/a>. Les causes et dangers typiques du traumatisme psychique peuvent inclure &#8211; <a title=\"Abus sexuel\" href=\"http:\/\/fr.wikipedia.org\/wiki\/Abus_sexuel\">abus sexuel<\/a>, <a title=\"Harc\u00e8lement\" href=\"http:\/\/fr.wikipedia.org\/wiki\/Harc%C3%A8lement\">harc\u00e8lements<\/a>, <a title=\"Violence conjugale\" href=\"http:\/\/fr.wikipedia.org\/wiki\/Violence_conjugale\">violence conjugale<\/a>, <a title=\"Endoctrinement\" href=\"http:\/\/fr.wikipedia.org\/wiki\/Endoctrinement\">endoctrinement<\/a>, victime de l&rsquo;<a title=\"Alcool\" href=\"http:\/\/fr.wikipedia.org\/wiki\/Alcool\">alcool<\/a>, menace ou t\u00e9moin d&rsquo;un \u00e9v\u00e9nement marquant, particuli\u00e8rement durant l&rsquo;<a title=\"Enfance\" href=\"http:\/\/fr.wikipedia.org\/wiki\/Enfance\">enfance<\/a>. Des \u00e9v\u00e9nements naturels tels que les <a title=\"S\u00e9isme\" href=\"http:\/\/fr.wikipedia.org\/wiki\/S%C3%A9isme\">s\u00e9ismes<\/a> et <a title=\"\u00c9ruption volcanique\" href=\"http:\/\/fr.wikipedia.org\/wiki\/%C3%89ruption_volcanique\">\u00e9ruptions volcaniques<\/a>, les guerres ou autres <a title=\"Violence\" href=\"http:\/\/fr.wikipedia.org\/wiki\/Violence\">violences<\/a> aggravantes peuvent \u00e9galement contribuer \u00e0 un traumatisme psychique. Un exposition \u00e0 long terme \u00e0 des situations telles que la <a title=\"Pauvret\u00e9\" href=\"http:\/\/fr.wikipedia.org\/wiki\/Pauvret%C3%A9\">pauvret\u00e9<\/a> ou autres formes d&rsquo;<a title=\"Agression\" href=\"http:\/\/fr.wikipedia.org\/wiki\/Agression\">agression<\/a>, comme les <a title=\"Agression verbale\" href=\"http:\/\/fr.wikipedia.org\/wiki\/Agression_verbale\">agressions verbales<\/a>, peuvent \u00eatre traumatisantes.<\/p>\n<p>Cependant, de diff\u00e9rents individus peuvent r\u00e9agir diff\u00e9remment aux \u00e9v\u00e9nements similaires. Un individu peut faire l&rsquo;exp\u00e9rience d&rsquo;un \u00e9v\u00e9nement qui lui serait traumatisant alors qu&rsquo;un autre individu peut ne pas souffrir d&rsquo;un traumatisme lors du m\u00eame \u00e9v\u00e9nement.<\/p>\n<p>Il existe aussi des formes de traumatisme plus courantes et que chacun a pu exp\u00e9rimenter. Par exemple l&rsquo;accouchement (femme et enfant), ou encore les besoins naturels ou les \u00e9volutions physiologiques au cours de la vie d&rsquo;un individu.<\/p>\n<h2><a title=\"Site .NET de Malek Boualem\" href=\"http:\/\/www.malek-boualem.net\" target=\"_blank\">Malek Boualem<\/a><\/h2>\n","protected":false},"excerpt":{"rendered":"<p>Source Wikipedia Le traumatisme psychique (ou psychotraumatisme) est un terme d\u00e9signant un type de dommage caus\u00e9 \u00e0 la psych\u00e9 apr\u00e8s un \u00e9v\u00e9nement traumatisant. Lorsque le traumatisme conduit \u00e0 un trouble de stress post-traumatique, les dommages peuvent impliquer des changements chimiques c\u00e9r\u00e9braux, changeant la r\u00e9ponse de l&rsquo;individu \u00e0 un futur stress. Un \u00e9v\u00e9nement traumatisant peut inclure [&hellip;]<\/p>\n","protected":false},"author":2,"featured_media":0,"parent":58,"menu_order":0,"comment_status":"closed","ping_status":"closed","template":"","meta":{"footnotes":""},"class_list":["post-73","page","type-page","status-publish","hentry"],"_links":{"self":[{"href":"https:\/\/www.malek-boualem.fr\/net\/wp-json\/wp\/v2\/pages\/73","targetHints":{"allow":["GET"]}}],"collection":[{"href":"https:\/\/www.malek-boualem.fr\/net\/wp-json\/wp\/v2\/pages"}],"about":[{"href":"https:\/\/www.malek-boualem.fr\/net\/wp-json\/wp\/v2\/types\/page"}],"author":[{"embeddable":true,"href":"https:\/\/www.malek-boualem.fr\/net\/wp-json\/wp\/v2\/users\/2"}],"replies":[{"embeddable":true,"href":"https:\/\/www.malek-boualem.fr\/net\/wp-json\/wp\/v2\/comments?post=73"}],"version-history":[{"count":0,"href":"https:\/\/www.malek-boualem.fr\/net\/wp-json\/wp\/v2\/pages\/73\/revisions"}],"up":[{"embeddable":true,"href":"https:\/\/www.malek-boualem.fr\/net\/wp-json\/wp\/v2\/pages\/58"}],"wp:attachment":[{"href":"https:\/\/www.malek-boualem.fr\/net\/wp-json\/wp\/v2\/media?parent=73"}],"curies":[{"name":"wp","href":"https:\/\/api.w.org\/{rel}","templated":true}]}}