{"id":75,"date":"2013-04-17T19:08:13","date_gmt":"2013-04-17T18:08:13","guid":{"rendered":"http:\/\/www.malek-boualem.fr\/net\/?page_id=75"},"modified":"2015-05-05T19:35:01","modified_gmt":"2015-05-05T18:35:01","slug":"manipulation-mentale","status":"publish","type":"page","link":"https:\/\/www.malek-boualem.fr\/net\/malheurs-de-la-vie\/la-depression\/manipulation-mentale\/","title":{"rendered":"Manipulation mentale"},"content":{"rendered":"<h3><span style=\"color: #0000ff;\"><strong>Source WIKIPEDIA<\/strong><\/span><\/h3>\n<p>La <b>manipulation mentale<\/b> d\u00e9signe l&rsquo;ensemble des tentatives obscures ou occultes de fausser ou orienter la <a title=\"Perception\" href=\"http:\/\/fr.wikipedia.org\/wiki\/Perception\">perception<\/a> de la r\u00e9alit\u00e9 d&rsquo;un interlocuteur en usant d&rsquo;un rapport de pouvoir, de s\u00e9duction, de suggestion, de persuasion, de soumission non volontaire ou consentie. Quand ce pouvoir ne s\u2019exerce pas sur un objet, mais se rapporte au contr\u00f4le <a title=\"Psychisme\" href=\"http:\/\/fr.wikipedia.org\/wiki\/Psychisme\">psychique<\/a> d\u2019une personne, on parle de <i>manipulation mentale<\/i><sup id=\"cite_ref-1\"><a href=\"http:\/\/fr.wikipedia.org\/wiki\/Manipulation_mentale#cite_note-1\">1<\/a><\/sup>.<\/p>\n<p>Cette notion prot\u00e9\u00efforme est r\u00e9cente dans ses contours, d\u00e9riv\u00e9 de la th\u00e9orie du \u00ab\u00a0<a title=\"Lavage de cerveau\" href=\"http:\/\/fr.wikipedia.org\/wiki\/Lavage_de_cerveau\">lavage de cerveau<\/a>\u00a0\u00bb encore mal connue. Juridiquement, on lui pr\u00e9f\u00e8re la notion de <i>suj\u00e9tion psychologique<\/i>, le plus souvent dans le cadre d\u2019accusations de <a title=\"Secte\" href=\"http:\/\/fr.wikipedia.org\/wiki\/Secte\">d\u00e9rives sectaires<\/a> ou d&rsquo;action d&rsquo;<a title=\"Ing\u00e9nierie sociale\" href=\"http:\/\/fr.wikipedia.org\/wiki\/Ing%C3%A9nierie_sociale\">ing\u00e9nierie sociale<\/a>. Par extension, les techniques de manipulations de l&rsquo;<a title=\"Opinion publique\" href=\"http:\/\/fr.wikipedia.org\/wiki\/Opinion_publique\">opinion publique<\/a> ou de manipulations de masse sont l&rsquo;ensemble des moyens d&rsquo;<a title=\"Influence\" href=\"http:\/\/fr.wikipedia.org\/wiki\/Influence\">influence<\/a> exerc\u00e9s sur une population \u00e0 des fins \u00e9conomiques, militaires ou politiques.<\/p>\n<h2><a title=\"Site .NET de Malek Boualem\" href=\"http:\/\/www.malek-boualem.net\" target=\"_blank\">Malek Boualem<\/a><\/h2>\n","protected":false},"excerpt":{"rendered":"<p>Source WIKIPEDIA La manipulation mentale d\u00e9signe l&rsquo;ensemble des tentatives obscures ou occultes de fausser ou orienter la perception de la r\u00e9alit\u00e9 d&rsquo;un interlocuteur en usant d&rsquo;un rapport de pouvoir, de s\u00e9duction, de suggestion, de persuasion, de soumission non volontaire ou consentie. Quand ce pouvoir ne s\u2019exerce pas sur un objet, mais se rapporte au contr\u00f4le [&hellip;]<\/p>\n","protected":false},"author":2,"featured_media":0,"parent":58,"menu_order":0,"comment_status":"closed","ping_status":"closed","template":"","meta":{"footnotes":""},"class_list":["post-75","page","type-page","status-publish","hentry"],"_links":{"self":[{"href":"https:\/\/www.malek-boualem.fr\/net\/wp-json\/wp\/v2\/pages\/75","targetHints":{"allow":["GET"]}}],"collection":[{"href":"https:\/\/www.malek-boualem.fr\/net\/wp-json\/wp\/v2\/pages"}],"about":[{"href":"https:\/\/www.malek-boualem.fr\/net\/wp-json\/wp\/v2\/types\/page"}],"author":[{"embeddable":true,"href":"https:\/\/www.malek-boualem.fr\/net\/wp-json\/wp\/v2\/users\/2"}],"replies":[{"embeddable":true,"href":"https:\/\/www.malek-boualem.fr\/net\/wp-json\/wp\/v2\/comments?post=75"}],"version-history":[{"count":0,"href":"https:\/\/www.malek-boualem.fr\/net\/wp-json\/wp\/v2\/pages\/75\/revisions"}],"up":[{"embeddable":true,"href":"https:\/\/www.malek-boualem.fr\/net\/wp-json\/wp\/v2\/pages\/58"}],"wp:attachment":[{"href":"https:\/\/www.malek-boualem.fr\/net\/wp-json\/wp\/v2\/media?parent=75"}],"curies":[{"name":"wp","href":"https:\/\/api.w.org\/{rel}","templated":true}]}}